{"id":239,"date":"2025-07-14T17:52:36","date_gmt":"2025-07-14T15:52:36","guid":{"rendered":"http:\/\/www.elevagedumilon.com\/?page_id=239"},"modified":"2025-07-17T14:13:00","modified_gmt":"2025-07-17T12:13:00","slug":"test","status":"publish","type":"page","link":"https:\/\/www.elevagedumilon.com\/index.php\/test\/","title":{"rendered":"Hello King du Milon"},"content":{"rendered":"<p>[et_pb_section fb_built=\u00a0\u00bb1&Prime; admin_label=\u00a0\u00bbService\u00a0\u00bb _builder_version=\u00a0\u00bb4.20.0&Prime; _module_preset=\u00a0\u00bbdefault\u00a0\u00bb background_color=\u00a0\u00bbgcid-803cbec3-ce51-4865-83f1-75b1ba8d83fc\u00a0\u00bb custom_padding=\u00a0\u00bb0px||0px||true|false\u00a0\u00bb collapsed=\u00a0\u00bbon\u00a0\u00bb global_colors_info=\u00a0\u00bb{%22gcid-803cbec3-ce51-4865-83f1-75b1ba8d83fc%22:%91%22background_color%22%93}\u00a0\u00bb][et_pb_row column_structure=\u00a0\u00bb1_2,1_2&Prime; make_equal=\u00a0\u00bbon\u00a0\u00bb _builder_version=\u00a0\u00bb4.20.0&Prime; _module_preset=\u00a0\u00bbdefault\u00a0\u00bb custom_padding=\u00a0\u00bb0px||0px||true|false\u00a0\u00bb box_shadow_style=\u00a0\u00bbpreset4&Prime; box_shadow_horizontal=\u00a0\u00bb30vw\u00a0\u00bb box_shadow_vertical=\u00a0\u00bb0px\u00a0\u00bb box_shadow_color=\u00a0\u00bbgcid-606d042f-c90f-4ea6-97e7-7b08f1ba25f6&Prime; box_shadow_color_tablet=\u00a0\u00bbRGBA(255,255,255,0)\u00a0\u00bb box_shadow_color_phone=\u00a0\u00bbRGBA(255,255,255,0)\u00a0\u00bb box_shadow_color_last_edited=\u00a0\u00bbon|tablet\u00a0\u00bb global_colors_info=\u00a0\u00bb{%22gcid-606d042f-c90f-4ea6-97e7-7b08f1ba25f6%22:%91%22box_shadow_color%22%93}\u00a0\u00bb][et_pb_column type=\u00a0\u00bb1_2&Prime; _builder_version=\u00a0\u00bb4.20.0&Prime; _module_preset=\u00a0\u00bbdefault\u00a0\u00bb custom_padding=\u00a0\u00bb60px||||false|false\u00a0\u00bb custom_padding_tablet=\u00a0\u00bb30px||||false|false\u00a0\u00bb custom_padding_phone=\u00a0\u00bb30px||||false|false\u00a0\u00bb custom_padding_last_edited=\u00a0\u00bbon|tablet\u00a0\u00bb global_colors_info=\u00a0\u00bb{}\u00a0\u00bb][et_pb_text _builder_version=\u00a0\u00bb4.27.4&Prime; _module_preset=\u00a0\u00bbdefault\u00a0\u00bb hover_enabled=\u00a0\u00bb0&Prime; global_colors_info=\u00a0\u00bb{}\u00a0\u00bb sticky_enabled=\u00a0\u00bb0&Prime;]<\/p>\n<p><em><strong>Hongre &#8211; bai &#8211; 2017 &#8211; 1,69m<\/strong><\/em><\/p>\n<p>La m\u00e8re a saut\u00e9 140 et est une s\u0153ur ut\u00e9rine de Lord du mont milon iso 184. Super t\u00eate, top respect, galop un peu atypique qui le rend tr\u00e8s facile \u00e0 placer. Tr\u00e8s performant sur 130\/135. Commence 140.<\/p>\n<p>[\/et_pb_text][et_pb_image src=\u00a0\u00bbhttp:\/\/www.elevagedumilon.com\/wp-content\/uploads\/2025\/07\/Capture-decran-2025-07-14-a-17.45.47.png\u00a0\u00bb title_text=\u00a0\u00bbCapture d\u2019e\u0301cran 2025-07-14 a\u0300 17.45.47&Prime; _builder_version=\u00a0\u00bb4.27.4&Prime; _module_preset=\u00a0\u00bbdefault\u00a0\u00bb border_width_all=\u00a0\u00bb1px\u00a0\u00bb global_colors_info=\u00a0\u00bb{}\u00a0\u00bb][\/et_pb_image][\/et_pb_column][et_pb_column type=\u00a0\u00bb1_2&Prime; _builder_version=\u00a0\u00bb4.20.0&Prime; _module_preset=\u00a0\u00bbdefault\u00a0\u00bb background_color=\u00a0\u00bbgcid-606d042f-c90f-4ea6-97e7-7b08f1ba25f6&Prime; custom_padding=\u00a0\u00bb60px|60px|60px|60px|true|true\u00a0\u00bb custom_padding_tablet=\u00a0\u00bb30px|30px|30px|30px|true|true\u00a0\u00bb custom_padding_phone=\u00a0\u00bb20px|20px|20px|20px|true|true\u00a0\u00bb custom_padding_last_edited=\u00a0\u00bbon|tablet\u00a0\u00bb global_colors_info=\u00a0\u00bb{%22gcid-606d042f-c90f-4ea6-97e7-7b08f1ba25f6%22:%91%22background_color%22%93}\u00a0\u00bb][et_pb_text _builder_version=\u00a0\u00bb4.27.4&Prime; _module_preset=\u00a0\u00bbc56a0da3-2c54-44c3-9270-6f8c41eb40b6&Prime; header_2_text_color=\u00a0\u00bb#FFFFFF\u00a0\u00bb custom_margin=\u00a0\u00bb||10px||false|false\u00a0\u00bb global_colors_info=\u00a0\u00bb{}\u00a0\u00bb]<\/p>\n<h2>HELLO KING DU MILON<\/h2>\n<p>[\/et_pb_text][et_pb_image src=\u00a0\u00bbhttp:\/\/www.elevagedumilon.com\/wp-content\/uploads\/2025\/07\/Hello-King-du-milon-2.jpeg\u00a0\u00bb title_text=\u00a0\u00bbHello King du milon 2&Prime; _builder_version=\u00a0\u00bb4.27.4&Prime; _module_preset=\u00a0\u00bbdefault\u00a0\u00bb hover_enabled=\u00a0\u00bb0&Prime; global_colors_info=\u00a0\u00bb{}\u00a0\u00bb sticky_enabled=\u00a0\u00bb0&Prime;][\/et_pb_image][\/et_pb_column][\/et_pb_row][\/et_pb_section][et_pb_section fb_built=\u00a0\u00bb1&Prime; admin_label=\u00a0\u00bbService\u00a0\u00bb _builder_version=\u00a0\u00bb4.20.0&Prime; _module_preset=\u00a0\u00bbdefault\u00a0\u00bb collapsed=\u00a0\u00bbon\u00a0\u00bb global_colors_info=\u00a0\u00bb{}\u00a0\u00bb][et_pb_row _builder_version=\u00a0\u00bb4.20.0&Prime; _module_preset=\u00a0\u00bbdefault\u00a0\u00bb global_colors_info=\u00a0\u00bb{}\u00a0\u00bb][et_pb_column type=\u00a0\u00bb4_4&Prime; _builder_version=\u00a0\u00bb4.20.0&Prime; _module_preset=\u00a0\u00bbdefault\u00a0\u00bb global_colors_info=\u00a0\u00bb{}\u00a0\u00bb][et_pb_image src=\u00a0\u00bbhttp:\/\/www.elevagedumilon.com\/wp-content\/uploads\/2025\/07\/Hello-King-du-milon.jpeg\u00a0\u00bb title_text=\u00a0\u00bbHello King du milon\u00a0\u00bb _builder_version=\u00a0\u00bb4.27.4&Prime; _module_preset=\u00a0\u00bbdefault\u00a0\u00bb hover_enabled=\u00a0\u00bb0&Prime; global_colors_info=\u00a0\u00bb{}\u00a0\u00bb sticky_enabled=\u00a0\u00bb0&Prime;][\/et_pb_image][\/et_pb_column][\/et_pb_row][et_pb_row column_structure=\u00a0\u00bb1_2,1_2&Prime; _builder_version=\u00a0\u00bb4.20.0&Prime; _module_preset=\u00a0\u00bbdefault\u00a0\u00bb global_colors_info=\u00a0\u00bb{}\u00a0\u00bb][et_pb_column type=\u00a0\u00bb1_2&Prime; _builder_version=\u00a0\u00bb4.20.0&Prime; _module_preset=\u00a0\u00bbdefault\u00a0\u00bb global_colors_info=\u00a0\u00bb{}\u00a0\u00bb][et_pb_video src=\u00a0\u00bbhttp:\/\/www.elevagedumilon.com\/wp-content\/uploads\/2025\/07\/Hello-King-du-milon-3.mp4&Prime; _builder_version=\u00a0\u00bb4.27.4&Prime; _module_preset=\u00a0\u00bbdefault\u00a0\u00bb hover_enabled=\u00a0\u00bb0&Prime; global_colors_info=\u00a0\u00bb{}\u00a0\u00bb title_text=\u00a0\u00bbHello King du milon 3&Prime; sticky_enabled=\u00a0\u00bb0&Prime;][\/et_pb_video][\/et_pb_column][et_pb_column type=\u00a0\u00bb1_2&Prime; _builder_version=\u00a0\u00bb4.20.0&Prime; _module_preset=\u00a0\u00bbdefault\u00a0\u00bb global_colors_info=\u00a0\u00bb{}\u00a0\u00bb][et_pb_video src=\u00a0\u00bbhttp:\/\/www.elevagedumilon.com\/wp-content\/uploads\/2025\/07\/Hello-King-du-milon-4.mp4&Prime; _builder_version=\u00a0\u00bb4.27.4&Prime; _module_preset=\u00a0\u00bbdefault\u00a0\u00bb hover_enabled=\u00a0\u00bb0&Prime; global_colors_info=\u00a0\u00bb{}\u00a0\u00bb title_text=\u00a0\u00bbHello King du milon 4&Prime; sticky_enabled=\u00a0\u00bb0&Prime;][\/et_pb_video][\/et_pb_column][\/et_pb_row][\/et_pb_section]<\/p>\n","protected":false},"excerpt":{"rendered":"<p>Hongre &#8211; bai &#8211; 2017 &#8211; 1,69m La m\u00e8re a saut\u00e9 140 et est une s\u0153ur ut\u00e9rine de Lord du mont milon iso 184. Super t\u00eate, top respect, galop un peu atypique qui le rend tr\u00e8s facile \u00e0 placer. Tr\u00e8s performant sur 130\/135. Commence 140.HELLO KING DU MILON<\/p>\n","protected":false},"author":1,"featured_media":0,"parent":0,"menu_order":0,"comment_status":"closed","ping_status":"closed","template":"","meta":{"_et_pb_use_builder":"on","_et_pb_old_content":"","_et_gb_content_width":"","footnotes":""},"class_list":["post-239","page","type-page","status-publish","hentry"],"yoast_head":"<!-- This site is optimized with the Yoast SEO plugin v27.4 - https:\/\/yoast.com\/product\/yoast-seo-wordpress\/ -->\n<title>Hello King du Milon - \u00e9levage du milon<\/title>\n<meta name=\"robots\" content=\"noindex, follow, max-snippet:-1, max-image-preview:large, max-video-preview:-1\" \/>\n<meta property=\"og:locale\" content=\"fr_FR\" \/>\n<meta property=\"og:type\" content=\"article\" \/>\n<meta property=\"og:title\" content=\"Hello King du Milon - \u00e9levage du milon\" \/>\n<meta property=\"og:description\" content=\"Hongre - bai - 2017 - 1,69m La m\u00e8re a saut\u00e9 140 et est une s\u0153ur ut\u00e9rine de Lord du mont milon iso 184. Super t\u00eate, top respect, galop un peu atypique qui le rend tr\u00e8s facile \u00e0 placer. Tr\u00e8s performant sur 130\/135. Commence 140.HELLO KING DU MILON\" \/>\n<meta property=\"og:url\" content=\"https:\/\/www.elevagedumilon.com\/index.php\/test\/\" \/>\n<meta property=\"og:site_name\" content=\"\u00e9levage du milon\" \/>\n<meta property=\"article:modified_time\" content=\"2025-07-17T12:13:00+00:00\" \/>\n<meta name=\"twitter:card\" content=\"summary_large_image\" \/>\n<meta name=\"twitter:label1\" content=\"Dur\u00e9e de lecture estim\u00e9e\" \/>\n\t<meta name=\"twitter:data1\" content=\"3 minutes\" \/>\n<script type=\"application\/ld+json\" class=\"yoast-schema-graph\">{\"@context\":\"https:\\\/\\\/schema.org\",\"@graph\":[{\"@type\":\"WebPage\",\"@id\":\"https:\\\/\\\/www.elevagedumilon.com\\\/index.php\\\/test\\\/\",\"url\":\"https:\\\/\\\/www.elevagedumilon.com\\\/index.php\\\/test\\\/\",\"name\":\"Hello King du Milon - \u00e9levage du milon\",\"isPartOf\":{\"@id\":\"https:\\\/\\\/www.elevagedumilon.com\\\/#website\"},\"datePublished\":\"2025-07-14T15:52:36+00:00\",\"dateModified\":\"2025-07-17T12:13:00+00:00\",\"breadcrumb\":{\"@id\":\"https:\\\/\\\/www.elevagedumilon.com\\\/index.php\\\/test\\\/#breadcrumb\"},\"inLanguage\":\"fr-FR\",\"potentialAction\":[{\"@type\":\"ReadAction\",\"target\":[\"https:\\\/\\\/www.elevagedumilon.com\\\/index.php\\\/test\\\/\"]}]},{\"@type\":\"BreadcrumbList\",\"@id\":\"https:\\\/\\\/www.elevagedumilon.com\\\/index.php\\\/test\\\/#breadcrumb\",\"itemListElement\":[{\"@type\":\"ListItem\",\"position\":1,\"name\":\"Accueil\",\"item\":\"https:\\\/\\\/www.elevagedumilon.com\\\/\"},{\"@type\":\"ListItem\",\"position\":2,\"name\":\"Hello King du Milon\"}]},{\"@type\":\"WebSite\",\"@id\":\"https:\\\/\\\/www.elevagedumilon.com\\\/#website\",\"url\":\"https:\\\/\\\/www.elevagedumilon.com\\\/\",\"name\":\"\u00e9levage du milon\",\"description\":\"\",\"potentialAction\":[{\"@type\":\"SearchAction\",\"target\":{\"@type\":\"EntryPoint\",\"urlTemplate\":\"https:\\\/\\\/www.elevagedumilon.com\\\/?s={search_term_string}\"},\"query-input\":{\"@type\":\"PropertyValueSpecification\",\"valueRequired\":true,\"valueName\":\"search_term_string\"}}],\"inLanguage\":\"fr-FR\"}]}<\/script>\n<!-- \/ Yoast SEO plugin. -->","yoast_head_json":{"title":"Hello King du Milon - \u00e9levage du milon","robots":{"index":"noindex","follow":"follow","max-snippet":"max-snippet:-1","max-image-preview":"max-image-preview:large","max-video-preview":"max-video-preview:-1"},"og_locale":"fr_FR","og_type":"article","og_title":"Hello King du Milon - \u00e9levage du milon","og_description":"Hongre - bai - 2017 - 1,69m La m\u00e8re a saut\u00e9 140 et est une s\u0153ur ut\u00e9rine de Lord du mont milon iso 184. Super t\u00eate, top respect, galop un peu atypique qui le rend tr\u00e8s facile \u00e0 placer. Tr\u00e8s performant sur 130\/135. Commence 140.HELLO KING DU MILON","og_url":"https:\/\/www.elevagedumilon.com\/index.php\/test\/","og_site_name":"\u00e9levage du milon","article_modified_time":"2025-07-17T12:13:00+00:00","twitter_card":"summary_large_image","twitter_misc":{"Dur\u00e9e de lecture estim\u00e9e":"3 minutes"},"schema":{"@context":"https:\/\/schema.org","@graph":[{"@type":"WebPage","@id":"https:\/\/www.elevagedumilon.com\/index.php\/test\/","url":"https:\/\/www.elevagedumilon.com\/index.php\/test\/","name":"Hello King du Milon - \u00e9levage du milon","isPartOf":{"@id":"https:\/\/www.elevagedumilon.com\/#website"},"datePublished":"2025-07-14T15:52:36+00:00","dateModified":"2025-07-17T12:13:00+00:00","breadcrumb":{"@id":"https:\/\/www.elevagedumilon.com\/index.php\/test\/#breadcrumb"},"inLanguage":"fr-FR","potentialAction":[{"@type":"ReadAction","target":["https:\/\/www.elevagedumilon.com\/index.php\/test\/"]}]},{"@type":"BreadcrumbList","@id":"https:\/\/www.elevagedumilon.com\/index.php\/test\/#breadcrumb","itemListElement":[{"@type":"ListItem","position":1,"name":"Accueil","item":"https:\/\/www.elevagedumilon.com\/"},{"@type":"ListItem","position":2,"name":"Hello King du Milon"}]},{"@type":"WebSite","@id":"https:\/\/www.elevagedumilon.com\/#website","url":"https:\/\/www.elevagedumilon.com\/","name":"\u00e9levage du milon","description":"","potentialAction":[{"@type":"SearchAction","target":{"@type":"EntryPoint","urlTemplate":"https:\/\/www.elevagedumilon.com\/?s={search_term_string}"},"query-input":{"@type":"PropertyValueSpecification","valueRequired":true,"valueName":"search_term_string"}}],"inLanguage":"fr-FR"}]}},"_links":{"self":[{"href":"https:\/\/www.elevagedumilon.com\/index.php\/wp-json\/wp\/v2\/pages\/239","targetHints":{"allow":["GET"]}}],"collection":[{"href":"https:\/\/www.elevagedumilon.com\/index.php\/wp-json\/wp\/v2\/pages"}],"about":[{"href":"https:\/\/www.elevagedumilon.com\/index.php\/wp-json\/wp\/v2\/types\/page"}],"author":[{"embeddable":true,"href":"https:\/\/www.elevagedumilon.com\/index.php\/wp-json\/wp\/v2\/users\/1"}],"replies":[{"embeddable":true,"href":"https:\/\/www.elevagedumilon.com\/index.php\/wp-json\/wp\/v2\/comments?post=239"}],"version-history":[{"count":7,"href":"https:\/\/www.elevagedumilon.com\/index.php\/wp-json\/wp\/v2\/pages\/239\/revisions"}],"predecessor-version":[{"id":353,"href":"https:\/\/www.elevagedumilon.com\/index.php\/wp-json\/wp\/v2\/pages\/239\/revisions\/353"}],"wp:attachment":[{"href":"https:\/\/www.elevagedumilon.com\/index.php\/wp-json\/wp\/v2\/media?parent=239"}],"curies":[{"name":"wp","href":"https:\/\/api.w.org\/{rel}","templated":true}]}}